{"id":42,"date":"2024-04-11T09:01:53","date_gmt":"2024-04-11T09:01:53","guid":{"rendered":"https:\/\/www.bdp.sk\/?page_id=42"},"modified":"2024-06-23T16:19:03","modified_gmt":"2024-06-23T16:19:03","slug":"bratislavsky-dunajsky-park","status":"publish","type":"page","link":"https:\/\/www.bdp.sk\/","title":{"rendered":"Bratislavsk\u00fd dunajsk\u00fd park"},"content":{"rendered":"\t\t<div data-elementor-type=\"wp-page\" data-elementor-id=\"42\" class=\"elementor elementor-42\">\n\t\t\t\t<div class=\"elementor-element elementor-element-28318dd elementor-hidden-tablet elementor-hidden-mobile e-flex e-con-boxed e-con e-parent\" data-id=\"28318dd\" data-element_type=\"container\" data-core-v316-plus=\"true\">\n\t\t\t\t\t<div class=\"e-con-inner\">\n\t\t<div class=\"elementor-element elementor-element-137c6ea e-con-full e-flex e-con e-child\" data-id=\"137c6ea\" data-element_type=\"container\">\n\t\t\t\t<div class=\"elementor-element elementor-element-5ccd575 elementor-widget__width-initial elementor-widget elementor-widget-image\" data-id=\"5ccd575\" data-element_type=\"widget\" data-widget_type=\"image.default\">\n\t\t\t\t<div class=\"elementor-widget-container\">\n\t\t\t<style>\/*! elementor - v3.20.0 - 26-03-2024 *\/\n.elementor-widget-image{text-align:center}.elementor-widget-image a{display:inline-block}.elementor-widget-image a img[src$=\".svg\"]{width:48px}.elementor-widget-image img{vertical-align:middle;display:inline-block}<\/style>\t\t\t\t\t\t\t\t\t\t<img fetchpriority=\"high\" decoding=\"async\" width=\"612\" height=\"612\" src=\"https:\/\/www.bdp.sk\/wp-content\/uploads\/2024\/04\/kajak-na-vode.png\" class=\"attachment-full size-full wp-image-45\" alt=\"\" srcset=\"https:\/\/www.bdp.sk\/wp-content\/uploads\/2024\/04\/kajak-na-vode.png 612w, https:\/\/www.bdp.sk\/wp-content\/uploads\/2024\/04\/kajak-na-vode-300x300.png 300w, https:\/\/www.bdp.sk\/wp-content\/uploads\/2024\/04\/kajak-na-vode-150x150.png 150w\" sizes=\"(max-width: 612px) 100vw, 612px\" \/>\t\t\t\t\t\t\t\t\t\t\t\t\t<\/div>\n\t\t\t\t<\/div>\n\t\t\t\t<\/div>\n\t\t<div class=\"elementor-element elementor-element-7868c00 e-con-full e-flex e-con e-child\" data-id=\"7868c00\" data-element_type=\"container\">\n\t\t\t\t<div class=\"elementor-element elementor-element-d4b917f elementor-widget elementor-widget-heading\" data-id=\"d4b917f\" data-element_type=\"widget\" data-widget_type=\"heading.default\">\n\t\t\t\t<div class=\"elementor-widget-container\">\n\t\t\t<style>\/*! elementor - v3.20.0 - 26-03-2024 *\/\n.elementor-heading-title{padding:0;margin:0;line-height:1}.elementor-widget-heading .elementor-heading-title[class*=elementor-size-]>a{color:inherit;font-size:inherit;line-height:inherit}.elementor-widget-heading .elementor-heading-title.elementor-size-small{font-size:15px}.elementor-widget-heading .elementor-heading-title.elementor-size-medium{font-size:19px}.elementor-widget-heading .elementor-heading-title.elementor-size-large{font-size:29px}.elementor-widget-heading .elementor-heading-title.elementor-size-xl{font-size:39px}.elementor-widget-heading .elementor-heading-title.elementor-size-xxl{font-size:59px}<\/style><h2 class=\"elementor-heading-title elementor-size-default\">Bratislavsk\u00fd <br>\ndunajsk\u00fd park<\/h2>\t\t<\/div>\n\t\t\t\t<\/div>\n\t\t<div class=\"elementor-element elementor-element-389e88a e-con-full e-flex e-con e-child\" data-id=\"389e88a\" data-element_type=\"container\">\n\t\t<div class=\"elementor-element elementor-element-c520aa4 e-con-full e-flex e-con e-child\" data-id=\"c520aa4\" data-element_type=\"container\">\n\t\t\t\t<div class=\"elementor-element elementor-element-f184f32 elementor-widget elementor-widget-text-editor\" data-id=\"f184f32\" data-element_type=\"widget\" data-widget_type=\"text-editor.default\">\n\t\t\t\t<div class=\"elementor-widget-container\">\n\t\t\t<style>\/*! elementor - v3.20.0 - 26-03-2024 *\/\n.elementor-widget-text-editor.elementor-drop-cap-view-stacked .elementor-drop-cap{background-color:#69727d;color:#fff}.elementor-widget-text-editor.elementor-drop-cap-view-framed .elementor-drop-cap{color:#69727d;border:3px solid;background-color:transparent}.elementor-widget-text-editor:not(.elementor-drop-cap-view-default) .elementor-drop-cap{margin-top:8px}.elementor-widget-text-editor:not(.elementor-drop-cap-view-default) .elementor-drop-cap-letter{width:1em;height:1em}.elementor-widget-text-editor .elementor-drop-cap{float:left;text-align:center;line-height:1;font-size:50px}.elementor-widget-text-editor .elementor-drop-cap-letter{display:inline-block}<\/style>\t\t\t\t<p><span style=\"font-weight: 400;\">Dunaj, so svojimi brehmi, lu\u017en\u00fdmi lesmi, pl\u00e1\u017eami, ramenami a ostrovmi je pre Bratislavu, jej obyvate\u013eov a n\u00e1v\u0161tevn\u00edkov, strategick\u00fdm a z\u00e1sadn\u00fdm pr\u00edrodn\u00fdm prvkom a nosite\u013eom identity. Pre Bratislavu, ako hlavn\u00e9 mesto a centrum regi\u00f3nu s presahom hran\u00edc, m\u00e1 Dunaj, jeho pr\u00edrodn\u00fd charakter a zdrav\u00fd rie\u010dny ekosyst\u00e9m, d\u00f4le\u017eit\u00fd v\u00fdznam pre \u017eivotn\u00e9 prostredie, pre kvalitu \u017eivota \u013eud\u00ed a udr\u017eate\u013en\u00fd hospod\u00e1rsky rozvoj. Pr\u00edrodn\u00e9 \u00fazemie pri Dunaji v\u00a0Bratislave bolo zadefinovan\u00e9 ako Bratislavsk\u00fd dunajsk\u00fd park (BDP), ktor\u00fd m\u00e1 sl\u00fa\u017ei\u0165 \u013eu\u010fom na oddych a\u00a0z\u00e1ujmov\u00e9 aktivity v\u00a0pr\u00edrodnom prostred\u00ed Dunaja v\u00a0dotyku s\u00a0mestom, a\u00a0tak prispieva\u0165 k\u00a0vy\u0161\u0161ej kvalite \u017eivota obyvate\u013eov a n\u00e1v\u0161tevn\u00edkov Bratislavy.<\/span><\/p><p><span style=\"font-weight: 400;\">Bratislavsk\u00fd dunajsk\u00fd park v\u00a0z\u00e1kladn\u00fdch bodoch<\/span><\/p>\t\t\t\t\t\t<\/div>\n\t\t\t\t<\/div>\n\t\t\t\t<\/div>\n\t\t<div class=\"elementor-element elementor-element-6a7d69a e-con-full e-flex e-con e-child\" data-id=\"6a7d69a\" data-element_type=\"container\">\n\t\t\t\t<div class=\"elementor-element elementor-element-b9b64fe elementor-widget elementor-widget-text-editor\" data-id=\"b9b64fe\" data-element_type=\"widget\" data-widget_type=\"text-editor.default\">\n\t\t\t\t<div class=\"elementor-widget-container\">\n\t\t\t\t\t\t\t<ul><li><span style=\"font-weight: 400;\">Z\u00e1plavov\u00e9 \u00fazemie Dunaja a\u00a0vybran\u00e9 okolie tvoriace unik\u00e1tny pr\u00edrodn\u00fd priestor<\/span><\/li><li style=\"font-weight: 400;\" aria-level=\"1\"><span style=\"font-weight: 400;\">Ucelen\u00fd \u00fasek Dunaja medzi Dev\u00ednom a\u00a0\u010cunovom s\u00a0d\u013a\u017ekou 28 km<\/span><\/li><li style=\"font-weight: 400;\" aria-level=\"1\"><span style=\"font-weight: 400;\">Integr\u00e1cia miest r\u00f4zneho charakteru so zachovan\u00edm ich s\u00fa\u010dasn\u00fdch funkci\u00ed<\/span><\/li><li style=\"font-weight: 400;\" aria-level=\"1\"><span style=\"font-weight: 400;\">Jednoduch\u00e9 revitaliza\u010dn\u00e9 \u00fapravy<\/span><\/li><li style=\"font-weight: 400;\" aria-level=\"1\"><span style=\"font-weight: 400;\">Obnova a prepojenie bo\u010dn\u00fdch ramien s\u00a0Dunajom\u00a0<\/span><\/li><li style=\"font-weight: 400;\" aria-level=\"1\"><span style=\"font-weight: 400;\">Revitaliz\u00e1cia brehov na vybran\u00fdch miestach<\/span><\/li><li style=\"font-weight: 400;\" aria-level=\"1\"><span style=\"font-weight: 400;\">Spr\u00edstupnenie pre \u013eud\u00ed: pozd\u013a\u017ene spojenie po chodn\u00edkoch pri Dunaji, prie\u010dne vstupy do \u00fazemia\u00a0 k\u00a0miestam pr\u00edrodn\u00e9ho Dunaja<\/span><\/li><li style=\"font-weight: 400;\" aria-level=\"1\"><span style=\"font-weight: 400;\">Turistick\u00e9, n\u00e1u\u010dn\u00e9, be\u017eeck\u00e9 trasy a cyklochodn\u00edky, vod\u00e1cke trasy<\/span><\/li><li style=\"font-weight: 400;\" aria-level=\"1\"><span style=\"font-weight: 400;\">Z\u00e1sadn\u00e9 zlep\u0161enie podmienok pre rybie spolo\u010denstv\u00e1<\/span><\/li><li style=\"font-weight: 400;\" aria-level=\"1\"><span style=\"font-weight: 400;\">Mo\u017enos\u0165 vstupu priamo do Dunaja na \u010do najv\u00e4\u010d\u0161om po\u010dte miest<\/span><\/li><li style=\"font-weight: 400;\" aria-level=\"1\"><span style=\"font-weight: 400;\">V\u00fdchovn\u00fd prvok \u2013 mo\u017enos\u0165 priamej osobnej sk\u00fasenosti, \u017ee rieka nie je nepriate\u013e, ale \u017eivotodarn\u00e9 prostredie<\/span><\/li><li style=\"font-weight: 400;\" aria-level=\"1\"><span style=\"font-weight: 400;\">Pr\u00edspevok k\u00a0adapt\u00e1cii na zmenu kl\u00edmy \u2013 lep\u0161\u00ed odtok cez inunda\u010dn\u00e9 \u00fazemie, obnova vodn\u00fdch pl\u00f4ch a mokrad\u00ed, pr\u00edstup do prostredia s\u00a0pr\u00edjemnej\u0161ou kl\u00edmou v\u00a0letn\u00fdch hor\u00fa\u010dav\u00e1ch<\/span><\/li><li style=\"font-weight: 400;\" aria-level=\"1\"><span style=\"font-weight: 400;\">Jednoducho realizovate\u013en\u00e9 aktivity, aj postupne po etap\u00e1ch<\/span><\/li><li style=\"font-weight: 400;\" aria-level=\"1\"><span style=\"font-weight: 400;\">Zve\u013ea\u010fovanie a\u00a0spr\u00e1va \u00fazemia na z\u00e1klade partnerskej spolupr\u00e1ce z\u00fa\u010dastnen\u00fdch in\u0161tit\u00faci\u00ed a subjektov<\/span><\/li><\/ul>\t\t\t\t\t\t<\/div>\n\t\t\t\t<\/div>\n\t\t\t\t<\/div>\n\t\t\t\t<\/div>\n\t\t\t\t<\/div>\n\t\t\t\t\t<\/div>\n\t\t\t\t<\/div>\n\t\t<div class=\"elementor-element elementor-element-bc2e98c elementor-hidden-desktop e-flex e-con-boxed e-con e-parent\" data-id=\"bc2e98c\" data-element_type=\"container\" data-core-v316-plus=\"true\">\n\t\t\t\t\t<div class=\"e-con-inner\">\n\t\t<div class=\"elementor-element elementor-element-313c2e8 e-con-full e-flex e-con e-child\" data-id=\"313c2e8\" data-element_type=\"container\">\n\t\t\t\t<div class=\"elementor-element elementor-element-e86ef0c elementor-widget__width-initial elementor-widget elementor-widget-image\" data-id=\"e86ef0c\" data-element_type=\"widget\" data-widget_type=\"image.default\">\n\t\t\t\t<div class=\"elementor-widget-container\">\n\t\t\t\t\t\t\t\t\t\t\t\t\t<img fetchpriority=\"high\" decoding=\"async\" width=\"612\" height=\"612\" src=\"https:\/\/www.bdp.sk\/wp-content\/uploads\/2024\/04\/kajak-na-vode.png\" class=\"attachment-full size-full wp-image-45\" alt=\"\" srcset=\"https:\/\/www.bdp.sk\/wp-content\/uploads\/2024\/04\/kajak-na-vode.png 612w, https:\/\/www.bdp.sk\/wp-content\/uploads\/2024\/04\/kajak-na-vode-300x300.png 300w, https:\/\/www.bdp.sk\/wp-content\/uploads\/2024\/04\/kajak-na-vode-150x150.png 150w\" sizes=\"(max-width: 612px) 100vw, 612px\" \/>\t\t\t\t\t\t\t\t\t\t\t\t\t<\/div>\n\t\t\t\t<\/div>\n\t\t\t\t<\/div>\n\t\t<div class=\"elementor-element elementor-element-a47fa0f e-con-full e-flex e-con e-child\" data-id=\"a47fa0f\" data-element_type=\"container\">\n\t\t\t\t<div class=\"elementor-element elementor-element-797c146 elementor-widget elementor-widget-heading\" data-id=\"797c146\" data-element_type=\"widget\" data-widget_type=\"heading.default\">\n\t\t\t\t<div class=\"elementor-widget-container\">\n\t\t\t<h2 class=\"elementor-heading-title elementor-size-default\">Bratislavsk\u00fd <br>\ndunajsk\u00fd park<\/h2>\t\t<\/div>\n\t\t\t\t<\/div>\n\t\t<div class=\"elementor-element elementor-element-6ef63a8 e-con-full e-flex e-con e-child\" data-id=\"6ef63a8\" data-element_type=\"container\">\n\t\t\t\t<div class=\"elementor-element elementor-element-959bbd5 elementor-widget elementor-widget-text-editor\" data-id=\"959bbd5\" data-element_type=\"widget\" data-widget_type=\"text-editor.default\">\n\t\t\t\t<div class=\"elementor-widget-container\">\n\t\t\t\t\t\t\t<p><span style=\"font-weight: 400;\">Dunaj, so svojimi brehmi, lu\u017en\u00fdmi lesmi, pl\u00e1\u017eami, ramenami a ostrovmi je pre Bratislavu, jej obyvate\u013eov a n\u00e1v\u0161tevn\u00edkov, strategick\u00fdm a z\u00e1sadn\u00fdm pr\u00edrodn\u00fdm prvkom a nosite\u013eom identity. Pre Bratislavu, ako hlavn\u00e9 mesto a centrum regi\u00f3nu s presahom hran\u00edc, m\u00e1 Dunaj, jeho pr\u00edrodn\u00fd charakter a zdrav\u00fd rie\u010dny ekosyst\u00e9m, d\u00f4le\u017eit\u00fd v\u00fdznam pre \u017eivotn\u00e9 prostredie, pre kvalitu \u017eivota \u013eud\u00ed a udr\u017eate\u013en\u00fd hospod\u00e1rsky rozvoj. Pr\u00edrodn\u00e9 \u00fazemie pri Dunaji v\u00a0Bratislave bolo zadefinovan\u00e9 ako Bratislavsk\u00fd dunajsk\u00fd park (BDP), ktor\u00fd m\u00e1 sl\u00fa\u017ei\u0165 \u013eu\u010fom na oddych a\u00a0z\u00e1ujmov\u00e9 aktivity v\u00a0pr\u00edrodnom prostred\u00ed Dunaja v\u00a0dotyku s\u00a0mestom, a\u00a0tak prispieva\u0165 k\u00a0vy\u0161\u0161ej kvalite \u017eivota obyvate\u013eov a n\u00e1v\u0161tevn\u00edkov Bratislavy.<\/span><\/p><p><span style=\"font-weight: 400;\">Bratislavsk\u00fd dunajsk\u00fd park v\u00a0z\u00e1kladn\u00fdch bodoch<\/span><\/p>\t\t\t\t\t\t<\/div>\n\t\t\t\t<\/div>\n\t\t\t\t<div class=\"elementor-element elementor-element-cfaf817 elementor-widget elementor-widget-text-editor\" data-id=\"cfaf817\" data-element_type=\"widget\" data-widget_type=\"text-editor.default\">\n\t\t\t\t<div class=\"elementor-widget-container\">\n\t\t\t\t\t\t\t<ul><li><span style=\"font-weight: 400;\">Z\u00e1plavov\u00e9 \u00fazemie Dunaja a\u00a0vybran\u00e9 okolie tvoriace unik\u00e1tny pr\u00edrodn\u00fd priestor<\/span><\/li><li style=\"font-weight: 400;\" aria-level=\"1\"><span style=\"font-weight: 400;\">Ucelen\u00fd \u00fasek Dunaja medzi Dev\u00ednom a\u00a0\u010cunovom s\u00a0d\u013a\u017ekou 28 km<\/span><\/li><li style=\"font-weight: 400;\" aria-level=\"1\"><span style=\"font-weight: 400;\">Integr\u00e1cia miest r\u00f4zneho charakteru so zachovan\u00edm ich s\u00fa\u010dasn\u00fdch funkci\u00ed<\/span><\/li><li style=\"font-weight: 400;\" aria-level=\"1\"><span style=\"font-weight: 400;\">Jednoduch\u00e9 revitaliza\u010dn\u00e9 \u00fapravy<\/span><\/li><li style=\"font-weight: 400;\" aria-level=\"1\"><span style=\"font-weight: 400;\">Obnova a prepojenie bo\u010dn\u00fdch ramien s\u00a0Dunajom\u00a0<\/span><\/li><li style=\"font-weight: 400;\" aria-level=\"1\"><span style=\"font-weight: 400;\">Revitaliz\u00e1cia brehov na vybran\u00fdch miestach<\/span><\/li><li style=\"font-weight: 400;\" aria-level=\"1\"><span style=\"font-weight: 400;\">Spr\u00edstupnenie pre \u013eud\u00ed: pozd\u013a\u017ene spojenie po chodn\u00edkoch pri Dunaji, prie\u010dne vstupy do \u00fazemia\u00a0 k\u00a0miestam pr\u00edrodn\u00e9ho Dunaja<\/span><\/li><li style=\"font-weight: 400;\" aria-level=\"1\"><span style=\"font-weight: 400;\">Turistick\u00e9, n\u00e1u\u010dn\u00e9, be\u017eeck\u00e9 trasy a cyklochodn\u00edky, vod\u00e1cke trasy<\/span><\/li><li style=\"font-weight: 400;\" aria-level=\"1\"><span style=\"font-weight: 400;\">Z\u00e1sadn\u00e9 zlep\u0161enie podmienok pre rybie spolo\u010denstv\u00e1<\/span><\/li><li style=\"font-weight: 400;\" aria-level=\"1\"><span style=\"font-weight: 400;\">Mo\u017enos\u0165 vstupu priamo do Dunaja na \u010do najv\u00e4\u010d\u0161om po\u010dte miest<\/span><\/li><li style=\"font-weight: 400;\" aria-level=\"1\"><span style=\"font-weight: 400;\">V\u00fdchovn\u00fd prvok \u2013 mo\u017enos\u0165 priamej osobnej sk\u00fasenosti, \u017ee rieka nie je nepriate\u013e, ale \u017eivotodarn\u00e9 prostredie<\/span><\/li><li style=\"font-weight: 400;\" aria-level=\"1\"><span style=\"font-weight: 400;\">Pr\u00edspevok k\u00a0adapt\u00e1cii na zmenu kl\u00edmy \u2013 lep\u0161\u00ed odtok cez inunda\u010dn\u00e9 \u00fazemie, obnova vodn\u00fdch pl\u00f4ch a mokrad\u00ed, pr\u00edstup do prostredia s\u00a0pr\u00edjemnej\u0161ou kl\u00edmou v\u00a0letn\u00fdch hor\u00fa\u010dav\u00e1ch<\/span><\/li><li style=\"font-weight: 400;\" aria-level=\"1\"><span style=\"font-weight: 400;\">Jednoducho realizovate\u013en\u00e9 aktivity, aj postupne po etap\u00e1ch<\/span><\/li><li style=\"font-weight: 400;\" aria-level=\"1\"><span style=\"font-weight: 400;\">Zve\u013ea\u010fovanie a\u00a0spr\u00e1va \u00fazemia na z\u00e1klade partnerskej spolupr\u00e1ce z\u00fa\u010dastnen\u00fdch in\u0161tit\u00faci\u00ed a subjektov<\/span><\/li><\/ul>\t\t\t\t\t\t<\/div>\n\t\t\t\t<\/div>\n\t\t\t\t<div class=\"elementor-element elementor-element-0ad7947 elementor-widget elementor-widget-spacer\" data-id=\"0ad7947\" data-element_type=\"widget\" data-widget_type=\"spacer.default\">\n\t\t\t\t<div class=\"elementor-widget-container\">\n\t\t\t<style>\/*! elementor - v3.20.0 - 26-03-2024 *\/\n.elementor-column .elementor-spacer-inner{height:var(--spacer-size)}.e-con{--container-widget-width:100%}.e-con-inner>.elementor-widget-spacer,.e-con>.elementor-widget-spacer{width:var(--container-widget-width,var(--spacer-size));--align-self:var(--container-widget-align-self,initial);--flex-shrink:0}.e-con-inner>.elementor-widget-spacer>.elementor-widget-container,.e-con>.elementor-widget-spacer>.elementor-widget-container{height:100%;width:100%}.e-con-inner>.elementor-widget-spacer>.elementor-widget-container>.elementor-spacer,.e-con>.elementor-widget-spacer>.elementor-widget-container>.elementor-spacer{height:100%}.e-con-inner>.elementor-widget-spacer>.elementor-widget-container>.elementor-spacer>.elementor-spacer-inner,.e-con>.elementor-widget-spacer>.elementor-widget-container>.elementor-spacer>.elementor-spacer-inner{height:var(--container-widget-height,var(--spacer-size))}.e-con-inner>.elementor-widget-spacer.elementor-widget-empty,.e-con>.elementor-widget-spacer.elementor-widget-empty{position:relative;min-height:22px;min-width:22px}.e-con-inner>.elementor-widget-spacer.elementor-widget-empty .elementor-widget-empty-icon,.e-con>.elementor-widget-spacer.elementor-widget-empty .elementor-widget-empty-icon{position:absolute;top:0;bottom:0;left:0;right:0;margin:auto;padding:0;width:22px;height:22px}<\/style>\t\t<div class=\"elementor-spacer\">\n\t\t\t<div class=\"elementor-spacer-inner\"><\/div>\n\t\t<\/div>\n\t\t\t\t<\/div>\n\t\t\t\t<\/div>\n\t\t\t\t<\/div>\n\t\t\t\t<\/div>\n\t\t\t\t\t<\/div>\n\t\t\t\t<\/div>\n\t\t\t\t<\/div>\n\t\t","protected":false},"excerpt":{"rendered":"<p>Bratislavsk\u00fd dunajsk\u00fd park Dunaj, so svojimi brehmi, lu\u017en\u00fdmi lesmi, pl\u00e1\u017eami, ramenami a ostrovmi je pre Bratislavu, jej obyvate\u013eov a n\u00e1v\u0161tevn\u00edkov, strategick\u00fdm a z\u00e1sadn\u00fdm pr\u00edrodn\u00fdm prvkom a nosite\u013eom identity. Pre Bratislavu, ako hlavn\u00e9 mesto a centrum regi\u00f3nu s presahom hran\u00edc, m\u00e1 Dunaj, jeho pr\u00edrodn\u00fd charakter a zdrav\u00fd rie\u010dny ekosyst\u00e9m, d\u00f4le\u017eit\u00fd v\u00fdznam pre \u017eivotn\u00e9 prostredie, pre kvalitu [&hellip;]<\/p>\n","protected":false},"author":1,"featured_media":0,"parent":0,"menu_order":0,"comment_status":"closed","ping_status":"closed","template":"elementor_header_footer","meta":{"footnotes":""},"class_list":["post-42","page","type-page","status-publish","hentry"],"_links":{"self":[{"href":"https:\/\/www.bdp.sk\/index.php\/wp-json\/wp\/v2\/pages\/42","targetHints":{"allow":["GET"]}}],"collection":[{"href":"https:\/\/www.bdp.sk\/index.php\/wp-json\/wp\/v2\/pages"}],"about":[{"href":"https:\/\/www.bdp.sk\/index.php\/wp-json\/wp\/v2\/types\/page"}],"author":[{"embeddable":true,"href":"https:\/\/www.bdp.sk\/index.php\/wp-json\/wp\/v2\/users\/1"}],"replies":[{"embeddable":true,"href":"https:\/\/www.bdp.sk\/index.php\/wp-json\/wp\/v2\/comments?post=42"}],"version-history":[{"count":11,"href":"https:\/\/www.bdp.sk\/index.php\/wp-json\/wp\/v2\/pages\/42\/revisions"}],"predecessor-version":[{"id":62,"href":"https:\/\/www.bdp.sk\/index.php\/wp-json\/wp\/v2\/pages\/42\/revisions\/62"}],"wp:attachment":[{"href":"https:\/\/www.bdp.sk\/index.php\/wp-json\/wp\/v2\/media?parent=42"}],"curies":[{"name":"wp","href":"https:\/\/api.w.org\/{rel}","templated":true}]}}