{"id":66,"date":"2024-06-23T16:20:50","date_gmt":"2024-06-23T16:20:50","guid":{"rendered":"https:\/\/www.bdp.sk\/?page_id=66"},"modified":"2024-10-28T08:36:00","modified_gmt":"2024-10-28T08:36:00","slug":"studie","status":"publish","type":"page","link":"https:\/\/www.bdp.sk\/index.php\/studie\/","title":{"rendered":"\u0160t\u00fadie"},"content":{"rendered":"\t\t<div data-elementor-type=\"wp-page\" data-elementor-id=\"66\" class=\"elementor elementor-66\">\n\t\t\t\t<div class=\"elementor-element elementor-element-58ab6e6b elementor-hidden-tablet elementor-hidden-mobile e-flex e-con-boxed e-con e-parent\" data-id=\"58ab6e6b\" data-element_type=\"container\" data-core-v316-plus=\"true\">\n\t\t\t\t\t<div class=\"e-con-inner\">\n\t\t<div class=\"elementor-element elementor-element-11743d60 e-con-full e-flex e-con e-child\" data-id=\"11743d60\" data-element_type=\"container\">\n\t\t\t\t<div class=\"elementor-element elementor-element-709c736a elementor-widget__width-initial elementor-widget elementor-widget-image\" data-id=\"709c736a\" data-element_type=\"widget\" data-widget_type=\"image.default\">\n\t\t\t\t<div class=\"elementor-widget-container\">\n\t\t\t<style>\/*! elementor - v3.20.0 - 26-03-2024 *\/\n.elementor-widget-image{text-align:center}.elementor-widget-image a{display:inline-block}.elementor-widget-image a img[src$=\".svg\"]{width:48px}.elementor-widget-image img{vertical-align:middle;display:inline-block}<\/style>\t\t\t\t\t\t\t\t\t\t<img fetchpriority=\"high\" decoding=\"async\" width=\"1000\" height=\"1000\" src=\"https:\/\/www.bdp.sk\/wp-content\/uploads\/2024\/06\/studie.png\" class=\"attachment-full size-full wp-image-71\" alt=\"\" srcset=\"https:\/\/www.bdp.sk\/wp-content\/uploads\/2024\/06\/studie.png 1000w, https:\/\/www.bdp.sk\/wp-content\/uploads\/2024\/06\/studie-300x300.png 300w, https:\/\/www.bdp.sk\/wp-content\/uploads\/2024\/06\/studie-150x150.png 150w, https:\/\/www.bdp.sk\/wp-content\/uploads\/2024\/06\/studie-768x768.png 768w\" sizes=\"(max-width: 1000px) 100vw, 1000px\" \/>\t\t\t\t\t\t\t\t\t\t\t\t\t<\/div>\n\t\t\t\t<\/div>\n\t\t\t\t<\/div>\n\t\t<div class=\"elementor-element elementor-element-75d03531 e-con-full e-flex e-con e-child\" data-id=\"75d03531\" data-element_type=\"container\">\n\t\t\t\t<div class=\"elementor-element elementor-element-ecfa1b4 elementor-widget elementor-widget-heading\" data-id=\"ecfa1b4\" data-element_type=\"widget\" data-widget_type=\"heading.default\">\n\t\t\t\t<div class=\"elementor-widget-container\">\n\t\t\t<style>\/*! elementor - v3.20.0 - 26-03-2024 *\/\n.elementor-heading-title{padding:0;margin:0;line-height:1}.elementor-widget-heading .elementor-heading-title[class*=elementor-size-]>a{color:inherit;font-size:inherit;line-height:inherit}.elementor-widget-heading .elementor-heading-title.elementor-size-small{font-size:15px}.elementor-widget-heading .elementor-heading-title.elementor-size-medium{font-size:19px}.elementor-widget-heading .elementor-heading-title.elementor-size-large{font-size:29px}.elementor-widget-heading .elementor-heading-title.elementor-size-xl{font-size:39px}.elementor-widget-heading .elementor-heading-title.elementor-size-xxl{font-size:59px}<\/style><h2 class=\"elementor-heading-title elementor-size-default\">\u0160t\u00fadie\n<\/h2>\t\t<\/div>\n\t\t\t\t<\/div>\n\t\t<div class=\"elementor-element elementor-element-1e1ce0a4 e-con-full e-flex e-con e-child\" data-id=\"1e1ce0a4\" data-element_type=\"container\">\n\t\t<div class=\"elementor-element elementor-element-5ccf5b9a e-con-full e-flex e-con e-child\" data-id=\"5ccf5b9a\" data-element_type=\"container\">\n\t\t\t\t<div class=\"elementor-element elementor-element-2ea6a537 elementor-widget elementor-widget-text-editor\" data-id=\"2ea6a537\" data-element_type=\"widget\" data-widget_type=\"text-editor.default\">\n\t\t\t\t<div class=\"elementor-widget-container\">\n\t\t\t<style>\/*! elementor - v3.20.0 - 26-03-2024 *\/\n.elementor-widget-text-editor.elementor-drop-cap-view-stacked .elementor-drop-cap{background-color:#69727d;color:#fff}.elementor-widget-text-editor.elementor-drop-cap-view-framed .elementor-drop-cap{color:#69727d;border:3px solid;background-color:transparent}.elementor-widget-text-editor:not(.elementor-drop-cap-view-default) .elementor-drop-cap{margin-top:8px}.elementor-widget-text-editor:not(.elementor-drop-cap-view-default) .elementor-drop-cap-letter{width:1em;height:1em}.elementor-widget-text-editor .elementor-drop-cap{float:left;text-align:center;line-height:1;font-size:50px}.elementor-widget-text-editor .elementor-drop-cap-letter{display:inline-block}<\/style>\t\t\t\t<p><i><span style=\"font-weight: 400;\">(linky na \u0161t\u00fadie pr\u00edpadne prelinkovanie na str\u00e1nky MIB kde s\u00fa)<\/span><\/i><\/p><p><a href=\"https:\/\/www.bdp.sk\/wp-content\/uploads\/2024\/04\/studia.pdf\" target=\"_blank\" rel=\"noopener\"><strong>BDP \u2013 \u00davodn\u00e1 \u0161t\u00fadia<\/strong><\/a><\/p><p><a href=\"https:\/\/mib.sk\/studia\/bratislavsky-dunajsky-park-bdp\/\" target=\"_blank\" rel=\"noopener\"><strong>BDP \u2013 MIB architektonicko krajin\u00e1rska \u0161t\u00fadia<\/strong><\/a><\/p><p><a href=\"https:\/\/www.bdp.sk\/wp-content\/uploads\/2024\/09\/Studia-pre-Plan-obnovy.pdf\" target=\"_blank\" rel=\"noopener\"><strong>\u0160t\u00fadia pre Pl\u00e1n obnovy<\/strong><\/a><\/p><p><a href=\"https:\/\/www.minzp.sk\/files\/sekcia-vod\/koncepcia-vodnej-politiky\/pripadova-studia-dunaj.pdf\" target=\"_blank\" rel=\"noopener\"><strong>Pr\u00edpadov\u00e1 \u0161t\u00fadia udr\u017eate\u013en\u00e9ho vyu\u017e\u00edvania, ochrany a\u00a0obnovy Dunaja (s\u00fa\u010das\u0165 Koncepcie vodnej politiky do roku 2030 s\u00a0v\u00fdh\u013eadom do roku 2050)<\/strong><\/a><\/p>\t\t\t\t\t\t<\/div>\n\t\t\t\t<\/div>\n\t\t\t\t<\/div>\n\t\t<div class=\"elementor-element elementor-element-5462f051 e-con-full e-flex e-con e-child\" data-id=\"5462f051\" data-element_type=\"container\">\n\t\t\t\t<\/div>\n\t\t\t\t<\/div>\n\t\t\t\t<\/div>\n\t\t\t\t\t<\/div>\n\t\t\t\t<\/div>\n\t\t<div class=\"elementor-element elementor-element-e50d2cf elementor-hidden-desktop e-flex e-con-boxed e-con e-parent\" data-id=\"e50d2cf\" data-element_type=\"container\" data-core-v316-plus=\"true\">\n\t\t\t\t\t<div class=\"e-con-inner\">\n\t\t<div class=\"elementor-element elementor-element-e32af0d e-con-full e-flex e-con e-child\" data-id=\"e32af0d\" data-element_type=\"container\">\n\t\t\t\t<div class=\"elementor-element elementor-element-531906a elementor-widget__width-initial elementor-widget elementor-widget-image\" data-id=\"531906a\" data-element_type=\"widget\" data-widget_type=\"image.default\">\n\t\t\t\t<div class=\"elementor-widget-container\">\n\t\t\t\t\t\t\t\t\t\t\t\t\t<img fetchpriority=\"high\" decoding=\"async\" width=\"1000\" height=\"1000\" src=\"https:\/\/www.bdp.sk\/wp-content\/uploads\/2024\/06\/studie.png\" class=\"attachment-full size-full wp-image-71\" alt=\"\" srcset=\"https:\/\/www.bdp.sk\/wp-content\/uploads\/2024\/06\/studie.png 1000w, https:\/\/www.bdp.sk\/wp-content\/uploads\/2024\/06\/studie-300x300.png 300w, https:\/\/www.bdp.sk\/wp-content\/uploads\/2024\/06\/studie-150x150.png 150w, https:\/\/www.bdp.sk\/wp-content\/uploads\/2024\/06\/studie-768x768.png 768w\" sizes=\"(max-width: 1000px) 100vw, 1000px\" \/>\t\t\t\t\t\t\t\t\t\t\t\t\t<\/div>\n\t\t\t\t<\/div>\n\t\t\t\t<\/div>\n\t\t<div class=\"elementor-element elementor-element-431babe e-con-full e-flex e-con e-child\" data-id=\"431babe\" data-element_type=\"container\">\n\t\t\t\t<div class=\"elementor-element elementor-element-ab441b7 elementor-widget elementor-widget-heading\" data-id=\"ab441b7\" data-element_type=\"widget\" data-widget_type=\"heading.default\">\n\t\t\t\t<div class=\"elementor-widget-container\">\n\t\t\t<h2 class=\"elementor-heading-title elementor-size-default\">\u0160t\u00fadie\n<\/h2>\t\t<\/div>\n\t\t\t\t<\/div>\n\t\t<div class=\"elementor-element elementor-element-7731d93 e-con-full e-flex e-con e-child\" data-id=\"7731d93\" data-element_type=\"container\">\n\t\t\t\t<div class=\"elementor-element elementor-element-515e6f1 elementor-widget elementor-widget-text-editor\" data-id=\"515e6f1\" data-element_type=\"widget\" data-widget_type=\"text-editor.default\">\n\t\t\t\t<div class=\"elementor-widget-container\">\n\t\t\t\t\t\t\t<p><i><span style=\"font-weight: 400;\">(linky na \u0161t\u00fadie pr\u00edpadne prelinkovanie na str\u00e1nky MIB kde s\u00fa)<\/span><\/i><\/p><p><span style=\"text-decoration: underline;\"><a href=\"https:\/\/www.bdp.sk\/wp-content\/uploads\/2024\/04\/studia.pdf\"><strong>BDP \u2013 \u00davodn\u00e1 \u0161t\u00fadia<\/strong><\/a><\/span><\/p><p><span style=\"text-decoration: underline;\"><a href=\"https:\/\/mib.sk\/studia\/bratislavsky-dunajsky-park-bdp\/\"><strong>BDP \u2013 MIB architektonicko krajin\u00e1rska \u0161t\u00fadia<\/strong><\/a><\/span><\/p><p><span style=\"text-decoration: underline;\"><a href=\"https:\/\/www.bdp.sk\/wp-content\/uploads\/2024\/09\/Studia-pre-Plan-obnovy.pdf\"><strong>\u0160t\u00fadia pre Pl\u00e1n obnovy<\/strong><\/a><\/span><\/p><p><span style=\"text-decoration: underline;\"><a href=\"https:\/\/www.minzp.sk\/files\/sekcia-vod\/koncepcia-vodnej-politiky\/pripadova-studia-dunaj.pdf\"><strong>Pr\u00edpadov\u00e1 \u0161t\u00fadia udr\u017eate\u013en\u00e9ho vyu\u017e\u00edvania, ochrany a\u00a0obnovy Dunaja (s\u00fa\u010das\u0165 Koncepcie vodnej politiky do roku 2030 s\u00a0v\u00fdh\u013eadom do roku 2050)<\/strong><\/a><\/span><\/p>\t\t\t\t\t\t<\/div>\n\t\t\t\t<\/div>\n\t\t\t\t<div class=\"elementor-element elementor-element-0c0c0d0 elementor-widget elementor-widget-spacer\" data-id=\"0c0c0d0\" data-element_type=\"widget\" data-widget_type=\"spacer.default\">\n\t\t\t\t<div class=\"elementor-widget-container\">\n\t\t\t<style>\/*! elementor - v3.20.0 - 26-03-2024 *\/\n.elementor-column .elementor-spacer-inner{height:var(--spacer-size)}.e-con{--container-widget-width:100%}.e-con-inner>.elementor-widget-spacer,.e-con>.elementor-widget-spacer{width:var(--container-widget-width,var(--spacer-size));--align-self:var(--container-widget-align-self,initial);--flex-shrink:0}.e-con-inner>.elementor-widget-spacer>.elementor-widget-container,.e-con>.elementor-widget-spacer>.elementor-widget-container{height:100%;width:100%}.e-con-inner>.elementor-widget-spacer>.elementor-widget-container>.elementor-spacer,.e-con>.elementor-widget-spacer>.elementor-widget-container>.elementor-spacer{height:100%}.e-con-inner>.elementor-widget-spacer>.elementor-widget-container>.elementor-spacer>.elementor-spacer-inner,.e-con>.elementor-widget-spacer>.elementor-widget-container>.elementor-spacer>.elementor-spacer-inner{height:var(--container-widget-height,var(--spacer-size))}.e-con-inner>.elementor-widget-spacer.elementor-widget-empty,.e-con>.elementor-widget-spacer.elementor-widget-empty{position:relative;min-height:22px;min-width:22px}.e-con-inner>.elementor-widget-spacer.elementor-widget-empty .elementor-widget-empty-icon,.e-con>.elementor-widget-spacer.elementor-widget-empty .elementor-widget-empty-icon{position:absolute;top:0;bottom:0;left:0;right:0;margin:auto;padding:0;width:22px;height:22px}<\/style>\t\t<div class=\"elementor-spacer\">\n\t\t\t<div class=\"elementor-spacer-inner\"><\/div>\n\t\t<\/div>\n\t\t\t\t<\/div>\n\t\t\t\t<\/div>\n\t\t\t\t<\/div>\n\t\t\t\t<\/div>\n\t\t\t\t\t<\/div>\n\t\t\t\t<\/div>\n\t\t\t\t<\/div>\n\t\t","protected":false},"excerpt":{"rendered":"<p>\u0160t\u00fadie (linky na \u0161t\u00fadie pr\u00edpadne prelinkovanie na str\u00e1nky MIB kde s\u00fa) BDP \u2013 \u00davodn\u00e1 \u0161t\u00fadia BDP \u2013 MIB architektonicko krajin\u00e1rska \u0161t\u00fadia \u0160t\u00fadia pre Pl\u00e1n obnovy Pr\u00edpadov\u00e1 \u0161t\u00fadia udr\u017eate\u013en\u00e9ho vyu\u017e\u00edvania, ochrany a\u00a0obnovy Dunaja (s\u00fa\u010das\u0165 Koncepcie vodnej politiky do roku 2030 s\u00a0v\u00fdh\u013eadom do roku 2050) \u0160t\u00fadie (linky na \u0161t\u00fadie pr\u00edpadne prelinkovanie na str\u00e1nky MIB kde s\u00fa) BDP [&hellip;]<\/p>\n","protected":false},"author":1,"featured_media":0,"parent":0,"menu_order":0,"comment_status":"closed","ping_status":"closed","template":"elementor_header_footer","meta":{"footnotes":""},"class_list":["post-66","page","type-page","status-publish","hentry"],"_links":{"self":[{"href":"https:\/\/www.bdp.sk\/index.php\/wp-json\/wp\/v2\/pages\/66","targetHints":{"allow":["GET"]}}],"collection":[{"href":"https:\/\/www.bdp.sk\/index.php\/wp-json\/wp\/v2\/pages"}],"about":[{"href":"https:\/\/www.bdp.sk\/index.php\/wp-json\/wp\/v2\/types\/page"}],"author":[{"embeddable":true,"href":"https:\/\/www.bdp.sk\/index.php\/wp-json\/wp\/v2\/users\/1"}],"replies":[{"embeddable":true,"href":"https:\/\/www.bdp.sk\/index.php\/wp-json\/wp\/v2\/comments?post=66"}],"version-history":[{"count":13,"href":"https:\/\/www.bdp.sk\/index.php\/wp-json\/wp\/v2\/pages\/66\/revisions"}],"predecessor-version":[{"id":162,"href":"https:\/\/www.bdp.sk\/index.php\/wp-json\/wp\/v2\/pages\/66\/revisions\/162"}],"wp:attachment":[{"href":"https:\/\/www.bdp.sk\/index.php\/wp-json\/wp\/v2\/media?parent=66"}],"curies":[{"name":"wp","href":"https:\/\/api.w.org\/{rel}","templated":true}]}}