{"id":79,"date":"2024-06-25T16:43:37","date_gmt":"2024-06-25T16:43:37","guid":{"rendered":"https:\/\/www.bdp.sk\/?page_id=79"},"modified":"2024-09-04T12:13:40","modified_gmt":"2024-09-04T12:13:40","slug":"kontakt","status":"publish","type":"page","link":"https:\/\/www.bdp.sk\/index.php\/kontakt\/","title":{"rendered":"Kontakt"},"content":{"rendered":"\t\t<div data-elementor-type=\"wp-page\" data-elementor-id=\"79\" class=\"elementor elementor-79\">\n\t\t\t\t<div class=\"elementor-element elementor-element-2d97cb59 elementor-hidden-tablet elementor-hidden-mobile e-flex e-con-boxed e-con e-parent\" data-id=\"2d97cb59\" data-element_type=\"container\" data-core-v316-plus=\"true\">\n\t\t\t\t\t<div class=\"e-con-inner\">\n\t\t<div class=\"elementor-element elementor-element-2f96f28b e-con-full e-flex e-con e-child\" data-id=\"2f96f28b\" data-element_type=\"container\">\n\t\t\t\t<div class=\"elementor-element elementor-element-4abba998 elementor-widget__width-initial elementor-widget elementor-widget-image\" data-id=\"4abba998\" data-element_type=\"widget\" data-widget_type=\"image.default\">\n\t\t\t\t<div class=\"elementor-widget-container\">\n\t\t\t<style>\/*! elementor - v3.20.0 - 26-03-2024 *\/\n.elementor-widget-image{text-align:center}.elementor-widget-image a{display:inline-block}.elementor-widget-image a img[src$=\".svg\"]{width:48px}.elementor-widget-image img{vertical-align:middle;display:inline-block}<\/style>\t\t\t\t\t\t\t\t\t\t<img fetchpriority=\"high\" decoding=\"async\" width=\"612\" height=\"612\" src=\"https:\/\/www.bdp.sk\/wp-content\/uploads\/2024\/04\/kajak-na-vode.png\" class=\"attachment-full size-full wp-image-45\" alt=\"\" srcset=\"https:\/\/www.bdp.sk\/wp-content\/uploads\/2024\/04\/kajak-na-vode.png 612w, https:\/\/www.bdp.sk\/wp-content\/uploads\/2024\/04\/kajak-na-vode-300x300.png 300w, https:\/\/www.bdp.sk\/wp-content\/uploads\/2024\/04\/kajak-na-vode-150x150.png 150w\" sizes=\"(max-width: 612px) 100vw, 612px\" \/>\t\t\t\t\t\t\t\t\t\t\t\t\t<\/div>\n\t\t\t\t<\/div>\n\t\t\t\t<\/div>\n\t\t<div class=\"elementor-element elementor-element-6ffbefe9 e-con-full e-flex e-con e-child\" data-id=\"6ffbefe9\" data-element_type=\"container\">\n\t\t\t\t<div class=\"elementor-element elementor-element-5d2c2184 elementor-widget elementor-widget-heading\" data-id=\"5d2c2184\" data-element_type=\"widget\" data-widget_type=\"heading.default\">\n\t\t\t\t<div class=\"elementor-widget-container\">\n\t\t\t<style>\/*! elementor - v3.20.0 - 26-03-2024 *\/\n.elementor-heading-title{padding:0;margin:0;line-height:1}.elementor-widget-heading .elementor-heading-title[class*=elementor-size-]>a{color:inherit;font-size:inherit;line-height:inherit}.elementor-widget-heading .elementor-heading-title.elementor-size-small{font-size:15px}.elementor-widget-heading .elementor-heading-title.elementor-size-medium{font-size:19px}.elementor-widget-heading .elementor-heading-title.elementor-size-large{font-size:29px}.elementor-widget-heading .elementor-heading-title.elementor-size-xl{font-size:39px}.elementor-widget-heading .elementor-heading-title.elementor-size-xxl{font-size:59px}<\/style><h2 class=\"elementor-heading-title elementor-size-default\">Kontaktn\u00e9 \u00fadaje \n<\/h2>\t\t<\/div>\n\t\t\t\t<\/div>\n\t\t<div class=\"elementor-element elementor-element-4bde7a82 e-con-full e-flex e-con e-child\" data-id=\"4bde7a82\" data-element_type=\"container\">\n\t\t<div class=\"elementor-element elementor-element-3213b9fa e-con-full e-flex e-con e-child\" data-id=\"3213b9fa\" data-element_type=\"container\">\n\t\t\t\t<div class=\"elementor-element elementor-element-38f800af elementor-widget elementor-widget-text-editor\" data-id=\"38f800af\" data-element_type=\"widget\" data-widget_type=\"text-editor.default\">\n\t\t\t\t<div class=\"elementor-widget-container\">\n\t\t\t<style>\/*! elementor - v3.20.0 - 26-03-2024 *\/\n.elementor-widget-text-editor.elementor-drop-cap-view-stacked .elementor-drop-cap{background-color:#69727d;color:#fff}.elementor-widget-text-editor.elementor-drop-cap-view-framed .elementor-drop-cap{color:#69727d;border:3px solid;background-color:transparent}.elementor-widget-text-editor:not(.elementor-drop-cap-view-default) .elementor-drop-cap{margin-top:8px}.elementor-widget-text-editor:not(.elementor-drop-cap-view-default) .elementor-drop-cap-letter{width:1em;height:1em}.elementor-widget-text-editor .elementor-drop-cap{float:left;text-align:center;line-height:1;font-size:50px}.elementor-widget-text-editor .elementor-drop-cap-letter{display:inline-block}<\/style>\t\t\t\t<p><strong>Ob\u010dianske zdru\u017eenie Bratislavsk\u00fd Dunajsk\u00fd Park<\/strong><\/p><p><strong>S\u00eddlo:<br \/>\u00dastav stavebn\u00edctva a\u00a0architekt\u00fary, Slovensk\u00e1 Akad\u00e9mia Vied,\u00a0<br \/><\/strong><span style=\"font-weight: 400;\">D\u00fabravsk\u00e1 cesta 3484\/9,\u00a0<br \/><\/span><span style=\"font-weight: 400;\">84503 Bratislava-Karlova Ves<br \/><\/span><span style=\"font-weight: 400;\">I\u010cO:\u00a0<\/span>55142788<\/p>\t\t\t\t\t\t<\/div>\n\t\t\t\t<\/div>\n\t\t\t\t<div class=\"elementor-element elementor-element-53e90d6 elementor-widget elementor-widget-text-editor\" data-id=\"53e90d6\" data-element_type=\"widget\" data-widget_type=\"text-editor.default\">\n\t\t\t\t<div class=\"elementor-widget-container\">\n\t\t\t\t\t\t\t<p><strong>V\u00fdbor OZ:<\/strong><\/p><p><span style=\"font-weight: 400;\"><strong>Prof. RNDr. Vladim\u00edr Kov\u00e1\u010d, PhD.<\/strong> <br \/><\/span><span style=\"font-weight: 400;\">(predseda)<br \/><\/span><a href=\"mailto:vladimir.kovac@aqbios.com\"><span style=\"font-weight: 400;\">vladimir.kovac@aqbios.com<\/span><\/a><br \/><span style=\"font-weight: 400;\">+421 905 781 821<\/span><\/p><p><span style=\"font-weight: 400;\"><strong>Ing. Martin Mi\u0161\u00edk, PhD.<\/strong><br \/>(tajomn\u00edk)<br \/><\/span><a href=\"mailto:martinmisik65@gmail.com\"><span style=\"font-weight: 400;\">martinmisik65@gmail.com<\/span><\/a><span style=\"font-weight: 400;\">\u00a0<br \/>+421 915 713 080<\/span><\/p><p><b>Ing. Arch. Mat\u00fa\u0161 Janota<br \/><\/b>(pokladn\u00edk)<br \/><a href=\"mailto:matus@archinet.sk\"><span style=\"font-weight: 400;\">matus@archinet.sk<\/span><\/a><br \/><span style=\"font-weight: 400;\">+421\u00a0915\u00a0978\u00a0729<\/span><\/p><p><b>Ing. Arch. Richard Kastel<br \/><\/b>(\u010dlen v\u00fdboru)<br \/><a href=\"mailto:richard.kastel@gmail.com\"><span style=\"font-weight: 400;\">richard.kastel@gmail.com<\/span><\/a><span style=\"font-weight: 400;\">\u00a0<br \/>+421\u00a0905\u00a0182 705\u00a0<\/span><\/p><p><b>Ing. Stanislav Grand, MSc.<\/b><br \/>(\u010dlen v\u00fdboru)<br \/><a href=\"mailto:stanislav.grand@gmail.com\">stanislav.grand@gmail.com<\/a><br \/><span style=\"font-weight: 400;\">+421\u00a0908\u00a0051\u00a0918<\/span><\/p>\t\t\t\t\t\t<\/div>\n\t\t\t\t<\/div>\n\t\t\t\t<\/div>\n\t\t<div class=\"elementor-element elementor-element-683e8faf e-con-full e-flex e-con e-child\" data-id=\"683e8faf\" data-element_type=\"container\">\n\t\t\t\t<\/div>\n\t\t\t\t<\/div>\n\t\t\t\t<\/div>\n\t\t\t\t\t<\/div>\n\t\t\t\t<\/div>\n\t\t<div class=\"elementor-element elementor-element-dd8c7cb elementor-hidden-desktop e-flex e-con-boxed e-con e-parent\" data-id=\"dd8c7cb\" data-element_type=\"container\" data-core-v316-plus=\"true\">\n\t\t\t\t\t<div class=\"e-con-inner\">\n\t\t<div class=\"elementor-element elementor-element-7754554 e-con-full e-flex e-con e-child\" data-id=\"7754554\" data-element_type=\"container\">\n\t\t\t\t<div class=\"elementor-element elementor-element-109f2d7 elementor-widget__width-initial elementor-widget elementor-widget-image\" data-id=\"109f2d7\" data-element_type=\"widget\" data-widget_type=\"image.default\">\n\t\t\t\t<div class=\"elementor-widget-container\">\n\t\t\t\t\t\t\t\t\t\t\t\t\t<img fetchpriority=\"high\" decoding=\"async\" width=\"612\" height=\"612\" src=\"https:\/\/www.bdp.sk\/wp-content\/uploads\/2024\/04\/kajak-na-vode.png\" class=\"attachment-full size-full wp-image-45\" alt=\"\" srcset=\"https:\/\/www.bdp.sk\/wp-content\/uploads\/2024\/04\/kajak-na-vode.png 612w, https:\/\/www.bdp.sk\/wp-content\/uploads\/2024\/04\/kajak-na-vode-300x300.png 300w, https:\/\/www.bdp.sk\/wp-content\/uploads\/2024\/04\/kajak-na-vode-150x150.png 150w\" sizes=\"(max-width: 612px) 100vw, 612px\" \/>\t\t\t\t\t\t\t\t\t\t\t\t\t<\/div>\n\t\t\t\t<\/div>\n\t\t\t\t<\/div>\n\t\t<div class=\"elementor-element elementor-element-ce622d5 e-con-full e-flex e-con e-child\" data-id=\"ce622d5\" data-element_type=\"container\">\n\t\t\t\t<div class=\"elementor-element elementor-element-5a13c70 elementor-widget elementor-widget-heading\" data-id=\"5a13c70\" data-element_type=\"widget\" data-widget_type=\"heading.default\">\n\t\t\t\t<div class=\"elementor-widget-container\">\n\t\t\t<h2 class=\"elementor-heading-title elementor-size-default\">Kontaktn\u00e9 \u00fadaje<\/h2>\t\t<\/div>\n\t\t\t\t<\/div>\n\t\t<div class=\"elementor-element elementor-element-36d64b4 e-con-full e-flex e-con e-child\" data-id=\"36d64b4\" data-element_type=\"container\">\n\t\t\t\t<div class=\"elementor-element elementor-element-ceccfec elementor-widget elementor-widget-text-editor\" data-id=\"ceccfec\" data-element_type=\"widget\" data-widget_type=\"text-editor.default\">\n\t\t\t\t<div class=\"elementor-widget-container\">\n\t\t\t\t\t\t\t<p><strong>Ob\u010dianske zdru\u017eenie Bratislavsk\u00fd Dunajsk\u00fd Park<\/strong><\/p><p><strong>S\u00eddlo:<br \/>\u00dastav stavebn\u00edctva a\u00a0architekt\u00fary, Slovensk\u00e1 Akad\u00e9mia Vied,\u00a0<br \/><\/strong><span style=\"font-weight: 400;\">D\u00fabravsk\u00e1 cesta 3484\/9,\u00a0<br \/><\/span><span style=\"font-weight: 400;\">84503 Bratislava-Karlova Ves<br \/><\/span><span style=\"font-weight: 400;\">I\u010cO:\u00a0<\/span>55142788<\/p>\t\t\t\t\t\t<\/div>\n\t\t\t\t<\/div>\n\t\t\t\t<div class=\"elementor-element elementor-element-bb78810 elementor-widget elementor-widget-text-editor\" data-id=\"bb78810\" data-element_type=\"widget\" data-widget_type=\"text-editor.default\">\n\t\t\t\t<div class=\"elementor-widget-container\">\n\t\t\t\t\t\t\t<p><strong>V\u00fdbor OZ:<\/strong><\/p><p><span style=\"font-weight: 400;\"><strong>Prof. RNDr. Vladim\u00edr Kov\u00e1\u010d, PhD.<\/strong> <br \/><\/span><span style=\"font-weight: 400;\">(predseda)<br \/><\/span><a href=\"mailto:vladimir.kovac@aqbios.com\"><span style=\"font-weight: 400;\">vladimir.kovac@aqbios.com<\/span><\/a><br \/><span style=\"font-weight: 400;\">+421 905 781 821<\/span><\/p><p><span style=\"font-weight: 400;\"><strong>Ing. Martin Mi\u0161\u00edk, PhD.<\/strong><br \/>(tajomn\u00edk)<br \/><\/span><a href=\"mailto:martinmisik65@gmail.com\"><span style=\"font-weight: 400;\">martinmisik65@gmail.com<\/span><\/a><span style=\"font-weight: 400;\">\u00a0<br \/>+421 915 713 080<\/span><\/p><p><b>Ing. Arch. Mat\u00fa\u0161 Janota<br \/><\/b>(pokladn\u00edk)<br \/><a href=\"mailto:matus@archinet.sk\"><span style=\"font-weight: 400;\">matus@archinet.sk<\/span><\/a><br \/><span style=\"font-weight: 400;\">+421\u00a0915\u00a0978\u00a0729<\/span><\/p><p><b>Ing. Arch. Richard Kastel<br \/><\/b>(\u010dlen v\u00fdboru)<br \/><a href=\"mailto:richard.kastel@gmail.com\"><span style=\"font-weight: 400;\">richard.kastel@gmail.com<\/span><\/a><span style=\"font-weight: 400;\">\u00a0<br \/>+421\u00a0905\u00a0182 705\u00a0<\/span><\/p><p><b>Ing. Stanislav Grand, MSc.<\/b><br \/>(\u010dlen v\u00fdboru)<br \/><a href=\"mailto:stanislav.grand@gmail.com\">stanislav.grand@gmail.com<\/a><br \/><span style=\"font-weight: 400;\">+421\u00a0908\u00a0051\u00a0918<\/span><\/p>\t\t\t\t\t\t<\/div>\n\t\t\t\t<\/div>\n\t\t\t\t<div class=\"elementor-element elementor-element-2756e41 elementor-widget elementor-widget-spacer\" data-id=\"2756e41\" data-element_type=\"widget\" data-widget_type=\"spacer.default\">\n\t\t\t\t<div class=\"elementor-widget-container\">\n\t\t\t<style>\/*! elementor - v3.20.0 - 26-03-2024 *\/\n.elementor-column .elementor-spacer-inner{height:var(--spacer-size)}.e-con{--container-widget-width:100%}.e-con-inner>.elementor-widget-spacer,.e-con>.elementor-widget-spacer{width:var(--container-widget-width,var(--spacer-size));--align-self:var(--container-widget-align-self,initial);--flex-shrink:0}.e-con-inner>.elementor-widget-spacer>.elementor-widget-container,.e-con>.elementor-widget-spacer>.elementor-widget-container{height:100%;width:100%}.e-con-inner>.elementor-widget-spacer>.elementor-widget-container>.elementor-spacer,.e-con>.elementor-widget-spacer>.elementor-widget-container>.elementor-spacer{height:100%}.e-con-inner>.elementor-widget-spacer>.elementor-widget-container>.elementor-spacer>.elementor-spacer-inner,.e-con>.elementor-widget-spacer>.elementor-widget-container>.elementor-spacer>.elementor-spacer-inner{height:var(--container-widget-height,var(--spacer-size))}.e-con-inner>.elementor-widget-spacer.elementor-widget-empty,.e-con>.elementor-widget-spacer.elementor-widget-empty{position:relative;min-height:22px;min-width:22px}.e-con-inner>.elementor-widget-spacer.elementor-widget-empty .elementor-widget-empty-icon,.e-con>.elementor-widget-spacer.elementor-widget-empty .elementor-widget-empty-icon{position:absolute;top:0;bottom:0;left:0;right:0;margin:auto;padding:0;width:22px;height:22px}<\/style>\t\t<div class=\"elementor-spacer\">\n\t\t\t<div class=\"elementor-spacer-inner\"><\/div>\n\t\t<\/div>\n\t\t\t\t<\/div>\n\t\t\t\t<\/div>\n\t\t\t\t<\/div>\n\t\t\t\t<\/div>\n\t\t\t\t\t<\/div>\n\t\t\t\t<\/div>\n\t\t\t\t<\/div>\n\t\t","protected":false},"excerpt":{"rendered":"<p>Kontaktn\u00e9 \u00fadaje Ob\u010dianske zdru\u017eenie Bratislavsk\u00fd Dunajsk\u00fd Park S\u00eddlo:\u00dastav stavebn\u00edctva a\u00a0architekt\u00fary, Slovensk\u00e1 Akad\u00e9mia Vied,\u00a0D\u00fabravsk\u00e1 cesta 3484\/9,\u00a084503 Bratislava-Karlova VesI\u010cO:\u00a055142788 V\u00fdbor OZ: Prof. RNDr. Vladim\u00edr Kov\u00e1\u010d, PhD. (predseda)vladimir.kovac@aqbios.com+421 905 781 821 Ing. Martin Mi\u0161\u00edk, PhD.(tajomn\u00edk)martinmisik65@gmail.com\u00a0+421 915 713 080 Ing. Arch. Mat\u00fa\u0161 Janota(pokladn\u00edk)matus@archinet.sk+421\u00a0915\u00a0978\u00a0729 Ing. Arch. Richard Kastel(\u010dlen v\u00fdboru)richard.kastel@gmail.com\u00a0+421\u00a0905\u00a0182 705\u00a0 Ing. Stanislav Grand, MSc.(\u010dlen v\u00fdboru)stanislav.grand@gmail.com+421\u00a0908\u00a0051\u00a0918 Kontaktn\u00e9 \u00fadaje Ob\u010dianske zdru\u017eenie Bratislavsk\u00fd [&hellip;]<\/p>\n","protected":false},"author":1,"featured_media":0,"parent":0,"menu_order":0,"comment_status":"closed","ping_status":"closed","template":"elementor_header_footer","meta":{"footnotes":""},"class_list":["post-79","page","type-page","status-publish","hentry"],"_links":{"self":[{"href":"https:\/\/www.bdp.sk\/index.php\/wp-json\/wp\/v2\/pages\/79","targetHints":{"allow":["GET"]}}],"collection":[{"href":"https:\/\/www.bdp.sk\/index.php\/wp-json\/wp\/v2\/pages"}],"about":[{"href":"https:\/\/www.bdp.sk\/index.php\/wp-json\/wp\/v2\/types\/page"}],"author":[{"embeddable":true,"href":"https:\/\/www.bdp.sk\/index.php\/wp-json\/wp\/v2\/users\/1"}],"replies":[{"embeddable":true,"href":"https:\/\/www.bdp.sk\/index.php\/wp-json\/wp\/v2\/comments?post=79"}],"version-history":[{"count":16,"href":"https:\/\/www.bdp.sk\/index.php\/wp-json\/wp\/v2\/pages\/79\/revisions"}],"predecessor-version":[{"id":110,"href":"https:\/\/www.bdp.sk\/index.php\/wp-json\/wp\/v2\/pages\/79\/revisions\/110"}],"wp:attachment":[{"href":"https:\/\/www.bdp.sk\/index.php\/wp-json\/wp\/v2\/media?parent=79"}],"curies":[{"name":"wp","href":"https:\/\/api.w.org\/{rel}","templated":true}]}}